{"id":446,"date":"2023-09-09T15:55:41","date_gmt":"2023-09-09T14:55:41","guid":{"rendered":"http:\/\/www.archersdudrac.fr\/archers_WP\/?page_id=446"},"modified":"2025-10-12T12:32:29","modified_gmt":"2025-10-12T11:32:29","slug":"inscriptions","status":"publish","type":"page","link":"https:\/\/www.archersdudrac.fr\/archers_WP\/inscriptions\/","title":{"rendered":"Inscriptions 2025\/2026"},"content":{"rendered":"<img loading=\"lazy\" decoding=\"async\" class=\"aligncenter size-large wp-image-993\" src=\"http:\/\/www.archersdudrac.fr\/archers_WP\/wp-content\/uploads\/2018\/07\/DSC-2018-05-05_231-1024x683.jpg\" alt=\"\" width=\"584\" height=\"390\" srcset=\"https:\/\/www.archersdudrac.fr\/archers_WP\/wp-content\/uploads\/2018\/07\/DSC-2018-05-05_231-1024x683.jpg 1024w, https:\/\/www.archersdudrac.fr\/archers_WP\/wp-content\/uploads\/2018\/07\/DSC-2018-05-05_231-300x200.jpg 300w, https:\/\/www.archersdudrac.fr\/archers_WP\/wp-content\/uploads\/2018\/07\/DSC-2018-05-05_231-768x512.jpg 768w, https:\/\/www.archersdudrac.fr\/archers_WP\/wp-content\/uploads\/2018\/07\/DSC-2018-05-05_231-450x300.jpg 450w\" sizes=\"(max-width: 584px) 100vw, 584px\" \/>\n\nVous souhaitez <strong>pratiquer le tir \u00e0 l\u2019arc pr\u00e8s de Grenoble<\/strong> ?\n\nHandisports et valides, c\u2019est parti pour une nouvelle saison d\u2019entra\u00eenements et de comp\u00e9titions !\n\nNous prenons les enfants \u00e0 partir de 11 ans, et pour la Sarbacane \u00e0 partir de 6 ans.\n\nPour les <strong>inscriptions<\/strong>, deux solutions :\n<ul>\n \t<li>Le <span style=\"color: #003366;\">Samedi 6 Septembre 2025 <\/span><span style=\"color: #003366;\">au parc de la Poya\u00a0<\/span> Fontaine, de 14h \u00e0 17h.<\/li>\n \t<li>Ou <span style=\"color: #003366;\">le 08, 09, 10\u00a0 Septembre 2025 \u00e0 la Halle aux Sports Julie Pomagalski<\/span> de Fontaine, 80 rue Charles Michel, de 18h \u00e0 20h<\/li>\n \t<li><strong>Reprise des Entra\u00eenements le 15 septembre 2025\u00a0<\/strong><\/li>\n \t<li><strong>Enfants<\/strong> de 18h &#8211; 19h30 le lundi et Mardi<\/li>\n \t<li><strong>Adulte<\/strong> de 19h30-21h le lundi et mardi et de 20h-22h mercredi et vendredi pour les confirmer<\/li>\n<\/ul>\nVous aurez besoin :\n<ul>\n \t<li>d\u2019un <strong>certificat m\u00e9dical<\/strong> d\u2019aptitude \u00e0 la pratique sportive du tir \u00e0 l\u2019arc, de moins de 3 mois<\/li>\n \t<li>le cas \u00e9ch\u00e9ant, une <a id=\"wp-block-file--media-31c76e5e-da3a-412f-8a32-ef36540bf49b\" href=\"https:\/\/www.archersdudrac.fr\/archers_WP\/wp-content\/uploads\/2025\/06\/Doc-1-Fiche-Indiv.ods\">Doc-1-Fiche-Indiv-24-25-1<\/a> de la ville de Fontaine<\/li>\n \t<li>de vos <strong>moyens de paiement<\/strong>, y compris si disponibles les ch\u00e9quiers jeunes, et les cartes M\u2019Ra<\/li>\n \t<li>Merci de r\u00e9cup\u00e9rer et lire \u00e9galement le\u00a0<a href=\"http:\/\/www.archersdudrac.fr\/archers_WP\/wp-content\/uploads\/2013\/06\/R\u00e8glement-int\u00e9rieur-2011.pdf\">R\u00e8glement int\u00e9rieur<\/a> !<\/li>\n<\/ul>\n<div class=\"entry-content\">\n<table style=\"height: 238px;\" border=\"1\" width=\"837\" cellspacing=\"0\" cellpadding=\"0\">\n<tbody>\n<tr>\n<th>LICENCE<\/th>\n<th>Club<\/th>\n<\/tr>\n<tr>\n<td>\u00a0 \u00a0 Jeune<\/td>\n<td>\n<p align=\"center\">85 \u20ac<\/p>\n<\/td>\n<\/tr>\n<tr>\n<td>\u00a0 \u00a0Adulte pratique en comp\u00e9tition (amicale ou officielle)<\/td>\n<td>\n<p align=\"center\">130 \u20ac<\/p>\n<\/td>\n<\/tr>\n<tr>\n<td>\u00a0 \u00a0Adulte pratique en club (pas de comp\u00e9tition)<\/td>\n<td>\n<p align=\"center\">120 \u20ac<\/p>\n<\/td>\n<\/tr>\n<\/tbody>\n<\/table>\n<\/div>\nIl sera aussi demand\u00e9 pour les nouveaux archers d&rsquo;acheter un polo de la compagnie d&rsquo;un montant de 25\u20ac.\n\nLes jeunes habitants de Fontaine peuvent b\u00e9n\u00e9ficier de l\u2019aide \u00e0 l\u2019adh\u00e9sion, voir les conditions sur la fiche d\u2019inscription.\n\nNous esp\u00e9rons vous retrouver nombreux pour cette nouvelle saison !!\n\nUne fiche d&rsquo;inscription \u00e0 t\u00e9l\u00e9charger ici :\n\n<a class=\"block-editor-rich-text__editable rich-text\" role=\"textbox\" contenteditable=\"true\" href=\"https:\/\/www.archersdudrac.fr\/archers_WP\/wp-content\/uploads\/2025\/06\/FFH-Fiche-dinscription-2025-2026.odt\" aria-multiline=\"true\" aria-label=\"Saisissez le nom du fichier\u2026\">FFH &#8211; Fiche d&rsquo;inscription 2025-2026<\/a>\n<div class=\"wp-block-file\"><a id=\"wp-block-file--media-7386d56c-b8ec-4ef3-b0a0-a10d47b7c469\" href=\"https:\/\/www.archersdudrac.fr\/archers_WP\/wp-content\/uploads\/2025\/06\/FFTA-Fiche-dinscription-2025-2026.doc\">FFTA &#8211; Fiche d&rsquo;inscription 2025-2026<\/a><\/div>\n<!-- \/wp:file -->\n\n<strong>\nHoraires<\/strong>\n<table style=\"height: 293px;\" border=\"1\" width=\"570\" cellspacing=\"0\" cellpadding=\"4\">\n<tbody>\n<tr valign=\"TOP\">\n<td width=\"14%\"><\/td>\n<td width=\"23%\">\n<p align=\"CENTER\"><b>Lundi<\/b><\/p>\n<\/td>\n<td width=\"22%\">\n<p align=\"CENTER\"><b>Mardi<\/b><\/p>\n<\/td>\n<td width=\"20%\">\n<p align=\"CENTER\"><b>Mercredi<\/b><\/p>\n<\/td>\n<td width=\"22%\">\n<p align=\"CENTER\"><b>Vendredi<\/b><\/p>\n<\/td>\n<\/tr>\n<tr valign=\"TOP\">\n<td width=\"14%\">Jeunes<\/td>\n<td width=\"23%\">\n<p align=\"CENTER\">18h &#8211; 19h30<\/p>\n<\/td>\n<td width=\"22%\">\n<p align=\"CENTER\">18h &#8211; 19h30<\/p>\n<\/td>\n<td width=\"20%\"><\/td>\n<td width=\"22%\"><\/td>\n<\/tr>\n<tr valign=\"TOP\">\n<td width=\"14%\">Adultes<\/td>\n<td width=\"23%\">\n<p align=\"CENTER\">19h30 &#8211; 20h30<\/p>\n<\/td>\n<td width=\"22%\">\n<p align=\"CENTER\">19h &#8211; 21h<\/p>\n<\/td>\n<td width=\"20%\">\n<p align=\"CENTER\">20h30 &#8211; 22h<\/p>\n<\/td>\n<td width=\"22%\">\n<p align=\"CENTER\">20h &#8211; 22h<\/p>\n<\/td>\n<\/tr>\n<tr valign=\"TOP\">\n<td width=\"14%\">Sarbacane<\/td>\n<td width=\"23%\">18h-19h30<\/td>\n<td width=\"22%\"><\/td>\n<td width=\"20%\"><\/td>\n<td width=\"22%\">\n<p align=\"CENTER\"><\/p>\n<\/td>\n<\/tr>\n<\/tbody>\n<\/table>\nB\n\n<!-- \/wp:file -->\n\n<!-- wp:shortcode \/-->","protected":false},"excerpt":{"rendered":"<p>Vous souhaitez pratiquer le tir \u00e0 l\u2019arc pr\u00e8s de Grenoble ? Handisports et valides, c\u2019est parti pour une nouvelle saison d\u2019entra\u00eenements et de comp\u00e9titions ! Nous prenons les enfants \u00e0 partir de 11 ans, et pour la Sarbacane \u00e0 partir &hellip; <a href=\"https:\/\/www.archersdudrac.fr\/archers_WP\/inscriptions\/\">Continue reading <span class=\"meta-nav\">&rarr;<\/span><\/a><\/p>\n","protected":false},"author":1,"featured_media":0,"parent":0,"menu_order":0,"comment_status":"open","ping_status":"closed","template":"","meta":{"footnotes":"","_links_to":"","_links_to_target":""},"categories":[3,16],"tags":[],"_links":{"self":[{"href":"https:\/\/www.archersdudrac.fr\/archers_WP\/wp-json\/wp\/v2\/pages\/446"}],"collection":[{"href":"https:\/\/www.archersdudrac.fr\/archers_WP\/wp-json\/wp\/v2\/pages"}],"about":[{"href":"https:\/\/www.archersdudrac.fr\/archers_WP\/wp-json\/wp\/v2\/types\/page"}],"author":[{"embeddable":true,"href":"https:\/\/www.archersdudrac.fr\/archers_WP\/wp-json\/wp\/v2\/users\/1"}],"replies":[{"embeddable":true,"href":"https:\/\/www.archersdudrac.fr\/archers_WP\/wp-json\/wp\/v2\/comments?post=446"}],"version-history":[{"count":112,"href":"https:\/\/www.archersdudrac.fr\/archers_WP\/wp-json\/wp\/v2\/pages\/446\/revisions"}],"predecessor-version":[{"id":3091,"href":"https:\/\/www.archersdudrac.fr\/archers_WP\/wp-json\/wp\/v2\/pages\/446\/revisions\/3091"}],"wp:attachment":[{"href":"https:\/\/www.archersdudrac.fr\/archers_WP\/wp-json\/wp\/v2\/media?parent=446"}],"wp:term":[{"taxonomy":"category","embeddable":true,"href":"https:\/\/www.archersdudrac.fr\/archers_WP\/wp-json\/wp\/v2\/categories?post=446"},{"taxonomy":"post_tag","embeddable":true,"href":"https:\/\/www.archersdudrac.fr\/archers_WP\/wp-json\/wp\/v2\/tags?post=446"}],"curies":[{"name":"wp","href":"https:\/\/api.w.org\/{rel}","templated":true}]}}