{"id":471,"date":"2015-06-27T16:52:18","date_gmt":"2015-06-27T15:52:18","guid":{"rendered":"http:\/\/www.archersdudrac.fr\/archers_WP\/?page_id=471"},"modified":"2023-05-31T09:13:11","modified_gmt":"2023-05-31T08:13:11","slug":"pratiques","status":"publish","type":"page","link":"https:\/\/www.archersdudrac.fr\/archers_WP\/pratiques\/","title":{"rendered":"Pratique"},"content":{"rendered":"<h6 class=\"western\" align=\"CENTER\"><span style=\"font-family: arial,helvetica,sans-serif;\"><span style=\"font-size: x-large;\">La Compagnie les Archers du Drac <\/span><\/span><\/h6>\n<h6 class=\"western\" align=\"CENTER\"><span style=\"font-family: arial,helvetica,sans-serif;\"><span style=\"font-size: x-large;\">vient de recevoir le<\/span><\/span><\/h6>\n<h6 class=\"western\" align=\"CENTER\"><span style=\"font-family: arial,helvetica,sans-serif;\"><span style=\"font-size: x-large;\">Label Bronze 2017-2018 ! <\/span><\/span><\/h6>\n<p align=\"CENTER\"><span style=\"font-family: arial,helvetica,sans-serif;\"><span style=\"font-size: large;\">Ce label a pour vocation de r\u00e9compenser les clubs sur plusieurs crit\u00e8res :<\/span><\/span><\/p>\n<p align=\"CENTER\"><span style=\"font-family: arial,helvetica,sans-serif;\"><span style=\"font-size: large;\">vie associative, organisation, entra\u00eenements, encadrement des adh\u00e9rents, structure, terrain&#8230; <\/span><\/span><\/p>\n<p align=\"CENTER\"><span style=\"font-family: arial,helvetica,sans-serif;\"><span style=\"font-size: large;\">Nous sommes tr\u00e8s heureux de pouvoir b\u00e9n\u00e9ficier de ce label,&nbsp;et ce gr\u00e2ce \u00e0 la ville de Fontaine, et aux adh\u00e9rents participant \u00e0 la vie de l&rsquo;association !<\/span><\/span><\/p>\n","protected":false},"excerpt":{"rendered":"<p>La Compagnie les Archers du Drac vient de recevoir le Label Bronze 2017-2018 ! Ce label a pour vocation de r\u00e9compenser les clubs sur plusieurs crit\u00e8res : vie associative, organisation, entra\u00eenements, encadrement des adh\u00e9rents, structure, terrain&#8230; Nous sommes tr\u00e8s heureux &hellip; <a href=\"https:\/\/www.archersdudrac.fr\/archers_WP\/pratiques\/\">Continue reading <span class=\"meta-nav\">&rarr;<\/span><\/a><\/p>\n","protected":false},"author":1,"featured_media":0,"parent":0,"menu_order":0,"comment_status":"open","ping_status":"closed","template":"","meta":{"footnotes":"","_links_to":"","_links_to_target":""},"categories":[65],"tags":[],"_links":{"self":[{"href":"https:\/\/www.archersdudrac.fr\/archers_WP\/wp-json\/wp\/v2\/pages\/471"}],"collection":[{"href":"https:\/\/www.archersdudrac.fr\/archers_WP\/wp-json\/wp\/v2\/pages"}],"about":[{"href":"https:\/\/www.archersdudrac.fr\/archers_WP\/wp-json\/wp\/v2\/types\/page"}],"author":[{"embeddable":true,"href":"https:\/\/www.archersdudrac.fr\/archers_WP\/wp-json\/wp\/v2\/users\/1"}],"replies":[{"embeddable":true,"href":"https:\/\/www.archersdudrac.fr\/archers_WP\/wp-json\/wp\/v2\/comments?post=471"}],"version-history":[{"count":4,"href":"https:\/\/www.archersdudrac.fr\/archers_WP\/wp-json\/wp\/v2\/pages\/471\/revisions"}],"predecessor-version":[{"id":1969,"href":"https:\/\/www.archersdudrac.fr\/archers_WP\/wp-json\/wp\/v2\/pages\/471\/revisions\/1969"}],"wp:attachment":[{"href":"https:\/\/www.archersdudrac.fr\/archers_WP\/wp-json\/wp\/v2\/media?parent=471"}],"wp:term":[{"taxonomy":"category","embeddable":true,"href":"https:\/\/www.archersdudrac.fr\/archers_WP\/wp-json\/wp\/v2\/categories?post=471"},{"taxonomy":"post_tag","embeddable":true,"href":"https:\/\/www.archersdudrac.fr\/archers_WP\/wp-json\/wp\/v2\/tags?post=471"}],"curies":[{"name":"wp","href":"https:\/\/api.w.org\/{rel}","templated":true}]}}