{"id":615,"date":"2016-05-26T11:12:58","date_gmt":"2016-05-26T10:12:58","guid":{"rendered":"http:\/\/www.archersdudrac.fr\/archers_WP\/?page_id=615"},"modified":"2023-05-29T14:44:22","modified_gmt":"2023-05-29T13:44:22","slug":"accueil","status":"publish","type":"page","link":"https:\/\/www.archersdudrac.fr\/archers_WP\/accueil\/","title":{"rendered":"Bienvenue \u00e0 tous !"},"content":{"rendered":"<p>Bonjour \u00e0 tous et bienvenue sur le site Internet des Archers du Drac !<\/p>\n<p>Notre compagnie est compos\u00e9e de 50 archers, jeunes ou adultes, valides ou handisports, et enseigne la pratique du tir \u00e0 l&rsquo;arc selon la tradition et dans la bonne humeur.<\/p>\n<p>Chaque nouvel archer int\u00e9grant notre compagnie pourra profiter des conseils de notre entra\u00eeneur, capitaine et pr\u00e9sident de la compagnie, 10 fois champion de France, pour \u00e9voluer \u00e0 son rythme et devenir un v\u00e9ritable archer. Arc classique ou \u00e0 poulie, nous accueillons tous les archers avec plaisir !<\/p>\n<p>Nous mettons un point d&rsquo;honneur \u00e0 honorer la tradition et organisons les concours traditionnels, internes \u00e0 la compagnie (Tir de la Saint S\u00e9bastien; Tir du Roy&#8230;).<\/p>\n<p>Si vous souhaitez nous rejoindre, vous trouverez tous les renseignements concernant les inscriptions en <a href=\"http:\/\/www.archersdudrac.fr\/archers_WP\/inscriptions\/\">cliquant ici.<\/a><\/p>\n<p>Si vous souhaitez plus d&rsquo;information, n&rsquo;h\u00e9sitez pas \u00e0 <a href=\"http:\/\/www.archersdudrac.fr\/archers_WP\/contact\/\">nous contacter !<\/a><\/p>\n<p>&nbsp;<\/p>\n","protected":false},"excerpt":{"rendered":"<p>Bonjour \u00e0 tous et bienvenue sur le site Internet des Archers du Drac ! Notre compagnie est compos\u00e9e de 50 archers, jeunes ou adultes, valides ou handisports, et enseigne la pratique du tir \u00e0 l&rsquo;arc selon la tradition et dans &hellip; <a href=\"https:\/\/www.archersdudrac.fr\/archers_WP\/accueil\/\">Continue reading <span class=\"meta-nav\">&rarr;<\/span><\/a><\/p>\n","protected":false},"author":1,"featured_media":0,"parent":0,"menu_order":0,"comment_status":"closed","ping_status":"closed","template":"","meta":{"footnotes":"","_links_to":"","_links_to_target":""},"categories":[2],"tags":[],"_links":{"self":[{"href":"https:\/\/www.archersdudrac.fr\/archers_WP\/wp-json\/wp\/v2\/pages\/615"}],"collection":[{"href":"https:\/\/www.archersdudrac.fr\/archers_WP\/wp-json\/wp\/v2\/pages"}],"about":[{"href":"https:\/\/www.archersdudrac.fr\/archers_WP\/wp-json\/wp\/v2\/types\/page"}],"author":[{"embeddable":true,"href":"https:\/\/www.archersdudrac.fr\/archers_WP\/wp-json\/wp\/v2\/users\/1"}],"replies":[{"embeddable":true,"href":"https:\/\/www.archersdudrac.fr\/archers_WP\/wp-json\/wp\/v2\/comments?post=615"}],"version-history":[{"count":6,"href":"https:\/\/www.archersdudrac.fr\/archers_WP\/wp-json\/wp\/v2\/pages\/615\/revisions"}],"predecessor-version":[{"id":623,"href":"https:\/\/www.archersdudrac.fr\/archers_WP\/wp-json\/wp\/v2\/pages\/615\/revisions\/623"}],"wp:attachment":[{"href":"https:\/\/www.archersdudrac.fr\/archers_WP\/wp-json\/wp\/v2\/media?parent=615"}],"wp:term":[{"taxonomy":"category","embeddable":true,"href":"https:\/\/www.archersdudrac.fr\/archers_WP\/wp-json\/wp\/v2\/categories?post=615"},{"taxonomy":"post_tag","embeddable":true,"href":"https:\/\/www.archersdudrac.fr\/archers_WP\/wp-json\/wp\/v2\/tags?post=615"}],"curies":[{"name":"wp","href":"https:\/\/api.w.org\/{rel}","templated":true}]}}