{"id":7,"date":"2013-03-02T21:22:23","date_gmt":"2013-03-02T20:22:23","guid":{"rendered":"http:\/\/www.archersdudrac.fr\/archers_WP\/?p=7"},"modified":"2016-08-04T13:59:53","modified_gmt":"2016-08-04T12:59:53","slug":"historique-des-archers-du-drac","status":"publish","type":"page","link":"https:\/\/www.archersdudrac.fr\/archers_WP\/historique-des-archers-du-drac\/","title":{"rendered":"Historique des Archers du Drac"},"content":{"rendered":"<div>\n<p>Le club \u00ab\u00a0Les Archers du Drac\u00a0\u00bb a vu le jour \u00e0 la rentr\u00e9e 2009. Il est n\u00e9 de la transformation de l\u2019activit\u00e9 Tir \u00e0 l\u2019Arc de la MJC de Fontaine qui, avec pr\u00e8s de cinquante adh\u00e9rents l\u2019ann\u00e9e pr\u00e9c\u00e9dente, \u00e9tait m\u00fbre pour devenir autonome.<\/p>\n<p>Nous sommes bas\u00e9s \u00e0 Fontaine, commune jouxtant Grenoble et sise sur les berges du Drac. Le club est adh\u00e9rent de l\u2019ASF, Association Sportive de Fontaine. Affili\u00e9 \u00e0 la FFTA et \u00e0 la FFH, le club propose aux archers valides et handicap\u00e9s de s\u2019entra\u00eener ensemble les lundi, mardi et mercredi soirs.<\/p>\n<p>Nous entendons tirer et nous entra\u00eener en toute convivialit\u00e9, et dans la bonne humeur\u00a0! Notre entra\u00eeneur\u00a0? Gaby Champavier, un athl\u00e8te confirm\u00e9, plusieurs fois champion de France, bard\u00e9 de m\u00e9dailles de toutes les couleurs (or, argent, bronze), passionn\u00e9 et disponible.<\/p>\n<p align=\"CENTER\"><span style=\"color: #00ccff;\"><span style=\"font-size: xx-large;\"><i><b>LES DIX COMMANDEMENTS<\/b><\/i><\/span><\/span><\/p>\n<p align=\"CENTER\"><strong><span style=\"font-family: arial,helvetica,sans-serif;\"><span style=\"font-size: medium;\">Courtoisie et Honneur en ce Jeu tu respecteras.<\/span><\/span><\/strong><\/p>\n<p align=\"CENTER\"><strong><span style=\"font-family: arial,helvetica,sans-serif;\"><span style=\"font-size: medium;\">Aide et Assistance aux autres licenci\u00e9s tu donneras.<\/span><\/span><\/strong><\/p>\n<p align=\"CENTER\"><strong><span style=\"font-family: arial,helvetica,sans-serif;\"><span style=\"font-size: medium;\">Quand au pas de tir tu seras<\/span><\/span><\/strong><\/p>\n<p align=\"CENTER\"><strong><span style=\"font-family: arial,helvetica,sans-serif;\"><span style=\"font-size: medium;\">Par respect apr\u00e8s 3 fl\u00e8ches tu t&rsquo;arr\u00eateras.<\/span><\/span><\/strong><\/p>\n<p align=\"CENTER\">\u00a0<strong><span style=\"font-family: arial,helvetica,sans-serif;\"><span style=\"font-size: medium;\">Discours sur la politique, religion, tu te garderas.<\/span><\/span><\/strong><\/p>\n<p align=\"CENTER\"><strong><span style=\"font-family: arial,helvetica,sans-serif;\"><span style=\"font-size: medium;\">Respect aux Chevaliers et Membres du Bureau tu devras.<\/span><\/span><\/strong><\/p>\n<p align=\"CENTER\">\u00a0<strong><span style=\"font-family: arial,helvetica,sans-serif;\"><span style=\"font-size: medium;\">En tout lieu de sport o\u00f9 tu seras<\/span><\/span><\/strong><\/p>\n<p align=\"CENTER\"><strong><span style=\"font-family: arial,helvetica,sans-serif;\"><span style=\"font-size: medium;\">De fumer tu t&rsquo;abstiendras.<\/span><\/span><\/strong><\/p>\n<p align=\"CENTER\"><strong><span style=\"font-family: arial,helvetica,sans-serif;\"><span style=\"font-size: medium;\">Aller \u00e0 l&rsquo;encontre d&rsquo;une d\u00e9cision ou d&rsquo;une sanction tu ne pourras<\/span><\/span><\/strong><\/p>\n<p align=\"CENTER\"><strong><span style=\"font-family: arial,helvetica,sans-serif;\"><span style=\"font-size: medium;\">Mais r\u00e9gler tes dettes pour garder ta foi tu t&rsquo;obligeras.<\/span><\/span><\/strong><\/p>\n<p align=\"CENTER\">\u00a0<strong><span style=\"font-family: arial,helvetica,sans-serif;\"><span style=\"font-size: medium;\">En seconde Compagnie tu t\u2019inscriras <\/span><\/span><\/strong><\/p>\n<p align=\"CENTER\"><strong><span style=\"font-family: arial,helvetica,sans-serif;\"><span style=\"font-size: medium;\">Jamais Roy tu seras.<\/span><\/span><\/strong><\/p>\n<p align=\"CENTER\"><strong><span style=\"font-family: arial,helvetica,sans-serif;\"><span style=\"font-size: medium;\">Les jeunes licenci\u00e9s dans leur travail tu soutiendras<\/span><\/span><\/strong><\/p>\n<p align=\"CENTER\"><strong><span style=\"font-family: arial,helvetica,sans-serif;\"><span style=\"font-size: medium;\">Et dans leur tir au Jeu tu surveilleras.<\/span><\/span><\/strong><\/p>\n<p align=\"CENTER\"><strong><span style=\"font-family: arial,helvetica,sans-serif;\"><span style=\"font-size: medium;\">Avant le d\u00e9but de chaque tir, le Salut tu feras<\/span><\/span><\/strong><\/p>\n<p align=\"CENTER\"><strong><span style=\"font-family: arial,helvetica,sans-serif;\"><span style=\"font-size: medium;\">Sans quoi le tronc on te pr\u00e9sentera.<\/span><\/span><\/strong><\/p>\n<p align=\"CENTER\"><strong><span style=\"font-family: arial,helvetica,sans-serif;\"><span style=\"font-size: medium;\">A l&rsquo;Assembl\u00e9e G\u00e9n\u00e9rale tu t&#8217;empresseras<\/span><\/span><\/strong><\/p>\n<p align=\"CENTER\"><strong><span style=\"font-family: arial,helvetica,sans-serif;\"><span style=\"font-size: medium;\">Si r\u00e9actions et solutions sont bonnes on gardera.<\/span><\/span><\/strong><\/p>\n<p align=\"CENTER\">\u00a0<strong><span style=\"font-family: arial,helvetica,sans-serif;\"><span style=\"font-size: medium;\">Jeu d&rsquo;arc et locaux municipaux de d\u00e9t\u00e9riorer tu t&rsquo;abstiendras<\/span><\/span><\/strong><\/p>\n<p align=\"CENTER\"><strong><span style=\"font-family: arial,helvetica,sans-serif;\"><span style=\"font-size: medium;\">Sinon travaux et sanctions tu encourras.<\/span><\/span><\/strong><\/p>\n<p align=\"CENTER\">\u00a0<strong><span style=\"font-family: arial,helvetica,sans-serif;\"><span style=\"font-size: medium;\">Roy quand tu le seras<\/span><\/span><\/strong><\/p>\n<p align=\"CENTER\"><strong><span style=\"font-family: arial,helvetica,sans-serif;\"><span style=\"font-size: medium;\">La Charte accept\u00e9e tu respecteras.<\/span><\/span><\/strong><\/p>\n<p align=\"CENTER\">\u00a0<strong><span style=\"font-family: arial,helvetica,sans-serif;\"><span style=\"font-size: medium;\">La Saint S\u00e9bastien peut-\u00eatre tu gagneras<\/span><\/span><\/strong><\/p>\n<p align=\"CENTER\"><strong><span style=\"font-family: arial,helvetica,sans-serif;\"><span style=\"font-size: medium;\">Pour l&rsquo;honorer un os d\u00e9cor\u00e9\u00a0tu pr\u00e9senteras.<\/span><\/span><\/strong><\/p>\n<p align=\"CENTER\"><strong><span style=\"font-family: arial,helvetica,sans-serif;\"><span style=\"font-size: medium;\">A tout ceci, tu te moques, partir tu pourras<\/span><\/span><\/strong><\/p>\n<p align=\"CENTER\"><strong><span style=\"font-family: arial,helvetica,sans-serif;\"><span style=\"font-size: medium;\">Et aller jouer aux boules ton destin sera.<\/span><\/span><\/strong><\/p>\n<p>&nbsp;<\/p>\n<\/div>\n","protected":false},"excerpt":{"rendered":"<p>Le club \u00ab\u00a0Les Archers du Drac\u00a0\u00bb a vu le jour \u00e0 la rentr\u00e9e 2009. Il est n\u00e9 de la transformation de l\u2019activit\u00e9 Tir \u00e0 l\u2019Arc de la MJC de Fontaine qui, avec pr\u00e8s de cinquante adh\u00e9rents l\u2019ann\u00e9e pr\u00e9c\u00e9dente, \u00e9tait m\u00fbre &hellip; <a href=\"https:\/\/www.archersdudrac.fr\/archers_WP\/historique-des-archers-du-drac\/\">Continue reading <span class=\"meta-nav\">&rarr;<\/span><\/a><\/p>\n","protected":false},"author":1,"featured_media":0,"parent":0,"menu_order":0,"comment_status":"closed","ping_status":"open","template":"","meta":{"footnotes":"","_links_to":"","_links_to_target":""},"categories":[3],"tags":[],"_links":{"self":[{"href":"https:\/\/www.archersdudrac.fr\/archers_WP\/wp-json\/wp\/v2\/pages\/7"}],"collection":[{"href":"https:\/\/www.archersdudrac.fr\/archers_WP\/wp-json\/wp\/v2\/pages"}],"about":[{"href":"https:\/\/www.archersdudrac.fr\/archers_WP\/wp-json\/wp\/v2\/types\/page"}],"author":[{"embeddable":true,"href":"https:\/\/www.archersdudrac.fr\/archers_WP\/wp-json\/wp\/v2\/users\/1"}],"replies":[{"embeddable":true,"href":"https:\/\/www.archersdudrac.fr\/archers_WP\/wp-json\/wp\/v2\/comments?post=7"}],"version-history":[{"count":7,"href":"https:\/\/www.archersdudrac.fr\/archers_WP\/wp-json\/wp\/v2\/pages\/7\/revisions"}],"predecessor-version":[{"id":704,"href":"https:\/\/www.archersdudrac.fr\/archers_WP\/wp-json\/wp\/v2\/pages\/7\/revisions\/704"}],"wp:attachment":[{"href":"https:\/\/www.archersdudrac.fr\/archers_WP\/wp-json\/wp\/v2\/media?parent=7"}],"wp:term":[{"taxonomy":"category","embeddable":true,"href":"https:\/\/www.archersdudrac.fr\/archers_WP\/wp-json\/wp\/v2\/categories?post=7"},{"taxonomy":"post_tag","embeddable":true,"href":"https:\/\/www.archersdudrac.fr\/archers_WP\/wp-json\/wp\/v2\/tags?post=7"}],"curies":[{"name":"wp","href":"https:\/\/api.w.org\/{rel}","templated":true}]}}