{"id":72,"date":"2013-06-16T16:59:56","date_gmt":"2013-06-16T15:59:56","guid":{"rendered":"http:\/\/www.archersdudrac.fr\/archers_WP\/?p=72"},"modified":"2022-09-06T22:28:55","modified_gmt":"2022-09-06T21:28:55","slug":"72-2","status":"publish","type":"page","link":"https:\/\/www.archersdudrac.fr\/archers_WP\/72-2\/","title":{"rendered":"Mentions l\u00e9gales"},"content":{"rendered":"<p>Le club ASF-Les Archers du Drac est une association loi 1901, rattach\u00e9e \u00e0 l\u2019Association Sportive Fontainoise. Elle est \u00e9galement :<br \/>\n&#8211; affili\u00e9e \u00e0 la F\u00e9d\u00e9ration Fran\u00e7aise de Tir \u00e0 l\u2019Arc sous le n\u00b0 0138105<br \/>\n&#8211; affili\u00e9e \u00e0 la F\u00e9d\u00e9ration Fran\u00e7aise Handisport sous le n\u00b0 22 038 2550<br \/>\n&#8211; enregistr\u00e9e en pr\u00e9fecture sous le n\u00b0 W381008385<\/p>\n<p>n\u00b0 SIRET 514 059 450 00015<\/p>\n<p><a href=\"http:\/\/www.archersdudrac.fr\/archers_WP\/wp-content\/uploads\/2017\/08\/Archers-du-drac-Statuts-2017.pdf\">Statuts<\/a> &#8212; <a href=\"http:\/\/www.archersdudrac.fr\/archers_WP\/wp-content\/uploads\/2013\/06\/R\u00e8glement-int\u00e9rieur-2011.pdf\">R\u00e8glement int\u00e9rieur<\/a><\/p>\n<p>Si\u00e8ge social : Cie les ARCHERS DU DRAC<br \/>\nM. &amp; Mme CHAMPAVIER Gabriel<br \/>\n7 rue des Grands Pr\u00e9s<br \/>\n38360 SASSENAGE<\/p>\n<p>Directeur de publication : M. Gabriel Champavier<br \/>\n7 r Grands Pr\u00e9s 38360 SASSENAGE<br \/>\n<a title=\"Contacter le pr\u00e9sident\" href=\"http:\/\/www.archersdudrac.fr\/archers_WP\/contacter-le-president\/\">Contacter le pr\u00e9sident<\/a><\/p>\n<p>Responsable de la r\u00e9daction : M. Florent Strievi<br \/>\n7 all\u00e9e l\u00e9opold s\u00e9dar senghor, 38100 GRENOBLE<br \/>\n<a title=\"Contacter le webmaster\" href=\"http:\/\/www.archersdudrac.fr\/archers_WP\/contacter-le-webmaster\/\">Contacter le webmestre<\/a><\/p>\n<p>Site h\u00e9berg\u00e9 par : OVH<br \/>\n2 rue Kellermann &#8211; 59100 Roubaix<\/p>\n","protected":false},"excerpt":{"rendered":"<p>Le club ASF-Les Archers du Drac est une association loi 1901, rattach\u00e9e \u00e0 l\u2019Association Sportive Fontainoise. Elle est \u00e9galement : &#8211; affili\u00e9e \u00e0 la F\u00e9d\u00e9ration Fran\u00e7aise de Tir \u00e0 l\u2019Arc sous le n\u00b0 0138105 &#8211; affili\u00e9e \u00e0 la F\u00e9d\u00e9ration Fran\u00e7aise &hellip; <a href=\"https:\/\/www.archersdudrac.fr\/archers_WP\/72-2\/\">Continue reading <span class=\"meta-nav\">&rarr;<\/span><\/a><\/p>\n","protected":false},"author":1,"featured_media":0,"parent":0,"menu_order":0,"comment_status":"closed","ping_status":"open","template":"","meta":{"footnotes":"","_links_to":"","_links_to_target":""},"categories":[2],"tags":[14],"_links":{"self":[{"href":"https:\/\/www.archersdudrac.fr\/archers_WP\/wp-json\/wp\/v2\/pages\/72"}],"collection":[{"href":"https:\/\/www.archersdudrac.fr\/archers_WP\/wp-json\/wp\/v2\/pages"}],"about":[{"href":"https:\/\/www.archersdudrac.fr\/archers_WP\/wp-json\/wp\/v2\/types\/page"}],"author":[{"embeddable":true,"href":"https:\/\/www.archersdudrac.fr\/archers_WP\/wp-json\/wp\/v2\/users\/1"}],"replies":[{"embeddable":true,"href":"https:\/\/www.archersdudrac.fr\/archers_WP\/wp-json\/wp\/v2\/comments?post=72"}],"version-history":[{"count":23,"href":"https:\/\/www.archersdudrac.fr\/archers_WP\/wp-json\/wp\/v2\/pages\/72\/revisions"}],"predecessor-version":[{"id":1869,"href":"https:\/\/www.archersdudrac.fr\/archers_WP\/wp-json\/wp\/v2\/pages\/72\/revisions\/1869"}],"wp:attachment":[{"href":"https:\/\/www.archersdudrac.fr\/archers_WP\/wp-json\/wp\/v2\/media?parent=72"}],"wp:term":[{"taxonomy":"category","embeddable":true,"href":"https:\/\/www.archersdudrac.fr\/archers_WP\/wp-json\/wp\/v2\/categories?post=72"},{"taxonomy":"post_tag","embeddable":true,"href":"https:\/\/www.archersdudrac.fr\/archers_WP\/wp-json\/wp\/v2\/tags?post=72"}],"curies":[{"name":"wp","href":"https:\/\/api.w.org\/{rel}","templated":true}]}}